{"id":51,"date":"2026-04-15T19:10:40","date_gmt":"2026-04-15T19:10:40","guid":{"rendered":"https:\/\/beau-tristan.mmigrenoble-dev.fr\/?page_id=51"},"modified":"2026-04-29T17:33:56","modified_gmt":"2026-04-29T17:33:56","slug":"accueil","status":"publish","type":"page","link":"https:\/\/beau-tristan.mmigrenoble-dev.fr\/","title":{"rendered":"Accueil"},"content":{"rendered":"\t\t<div data-elementor-type=\"wp-page\" data-elementor-id=\"51\" class=\"elementor elementor-51\">\n\t\t\t\t<div class=\"elementor-element elementor-element-fbeb037 e-grid e-transform e-transform e-transform e-con-boxed wpr-particle-no wpr-jarallax-no wpr-parallax-no wpr-sticky-section-no wpr-equal-height-no e-con e-parent\" data-id=\"fbeb037\" data-element_type=\"container\" data-e-type=\"container\" data-settings=\"{&quot;_transform_rotateZ_effect&quot;:{&quot;unit&quot;:&quot;px&quot;,&quot;size&quot;:&quot;&quot;,&quot;sizes&quot;:[]},&quot;_transform_rotateZ_effect_tablet&quot;:{&quot;unit&quot;:&quot;deg&quot;,&quot;size&quot;:&quot;&quot;,&quot;sizes&quot;:[]},&quot;_transform_rotateZ_effect_mobile&quot;:{&quot;unit&quot;:&quot;deg&quot;,&quot;size&quot;:&quot;&quot;,&quot;sizes&quot;:[]},&quot;_transform_translateX_effect&quot;:{&quot;unit&quot;:&quot;px&quot;,&quot;size&quot;:&quot;&quot;,&quot;sizes&quot;:[]},&quot;_transform_translateX_effect_tablet&quot;:{&quot;unit&quot;:&quot;px&quot;,&quot;size&quot;:&quot;&quot;,&quot;sizes&quot;:[]},&quot;_transform_translateX_effect_mobile&quot;:{&quot;unit&quot;:&quot;px&quot;,&quot;size&quot;:&quot;&quot;,&quot;sizes&quot;:[]},&quot;_transform_translateY_effect&quot;:{&quot;unit&quot;:&quot;px&quot;,&quot;size&quot;:&quot;&quot;,&quot;sizes&quot;:[]},&quot;_transform_translateY_effect_tablet&quot;:{&quot;unit&quot;:&quot;px&quot;,&quot;size&quot;:&quot;&quot;,&quot;sizes&quot;:[]},&quot;_transform_translateY_effect_mobile&quot;:{&quot;unit&quot;:&quot;px&quot;,&quot;size&quot;:&quot;&quot;,&quot;sizes&quot;:[]},&quot;_transform_scale_effect&quot;:{&quot;unit&quot;:&quot;px&quot;,&quot;size&quot;:&quot;&quot;,&quot;sizes&quot;:[]},&quot;_transform_scale_effect_tablet&quot;:{&quot;unit&quot;:&quot;px&quot;,&quot;size&quot;:&quot;&quot;,&quot;sizes&quot;:[]},&quot;_transform_scale_effect_mobile&quot;:{&quot;unit&quot;:&quot;px&quot;,&quot;size&quot;:&quot;&quot;,&quot;sizes&quot;:[]}}\">\n\t\t\t\t\t<div class=\"e-con-inner\">\n\t\t\t\t<div class=\"elementor-element elementor-element-47053cb e-transform elementor-widget elementor-widget-image\" data-id=\"47053cb\" data-element_type=\"widget\" data-e-type=\"widget\" data-settings=\"{&quot;_transform_scale_effect&quot;:{&quot;unit&quot;:&quot;px&quot;,&quot;size&quot;:1.3,&quot;sizes&quot;:[]},&quot;_transform_scale_effect_tablet&quot;:{&quot;unit&quot;:&quot;px&quot;,&quot;size&quot;:&quot;&quot;,&quot;sizes&quot;:[]},&quot;_transform_scale_effect_mobile&quot;:{&quot;unit&quot;:&quot;px&quot;,&quot;size&quot;:&quot;&quot;,&quot;sizes&quot;:[]}}\" data-widget_type=\"image.default\">\n\t\t\t\t\t\t\t\t\t\t\t\t\t\t\t<img fetchpriority=\"high\" decoding=\"async\" width=\"2048\" height=\"1042\" src=\"https:\/\/beau-tristan.mmigrenoble-dev.fr\/wp-content\/uploads\/2026\/04\/Plan-de-travail-1-2048x1042.png\" class=\"attachment-2048x2048 size-2048x2048 wp-image-38\" alt=\"\" srcset=\"https:\/\/beau-tristan.mmigrenoble-dev.fr\/wp-content\/uploads\/2026\/04\/Plan-de-travail-1-2048x1042.png 2048w, https:\/\/beau-tristan.mmigrenoble-dev.fr\/wp-content\/uploads\/2026\/04\/Plan-de-travail-1-300x153.png 300w, https:\/\/beau-tristan.mmigrenoble-dev.fr\/wp-content\/uploads\/2026\/04\/Plan-de-travail-1-1024x521.png 1024w, https:\/\/beau-tristan.mmigrenoble-dev.fr\/wp-content\/uploads\/2026\/04\/Plan-de-travail-1-768x391.png 768w, https:\/\/beau-tristan.mmigrenoble-dev.fr\/wp-content\/uploads\/2026\/04\/Plan-de-travail-1-1536x782.png 1536w\" sizes=\"(max-width: 2048px) 100vw, 2048px\" \/>\t\t\t\t\t\t\t\t\t\t\t\t\t\t\t<\/div>\n\t\t<div data-premium-element-link=\"{&quot;type&quot;:&quot;link&quot;,&quot;link&quot;:null,&quot;href&quot;:&quot;https:\\\/\\\/beau-tristan.mmigrenoble-dev.fr\\\/?page_id=204&quot;}\" style=\"cursor: pointer\" class=\"elementor-element elementor-element-f2ba4f7 e-con-full premium-lq__shadow2 e-transform premium-wrapper-link-yes e-flex premium-con-lq__glass1 wpr-particle-no wpr-jarallax-no wpr-parallax-no wpr-sticky-section-no wpr-equal-height-no e-con e-child\" data-id=\"f2ba4f7\" data-element_type=\"container\" data-e-type=\"container\" data-settings=\"{&quot;_transform_translateY_effect&quot;:{&quot;unit&quot;:&quot;px&quot;,&quot;size&quot;:-370,&quot;sizes&quot;:[]},&quot;_transform_translateX_effect&quot;:{&quot;unit&quot;:&quot;px&quot;,&quot;size&quot;:&quot;&quot;,&quot;sizes&quot;:[]},&quot;_transform_translateX_effect_tablet&quot;:{&quot;unit&quot;:&quot;px&quot;,&quot;size&quot;:&quot;&quot;,&quot;sizes&quot;:[]},&quot;_transform_translateX_effect_mobile&quot;:{&quot;unit&quot;:&quot;px&quot;,&quot;size&quot;:&quot;&quot;,&quot;sizes&quot;:[]},&quot;_transform_translateY_effect_tablet&quot;:{&quot;unit&quot;:&quot;px&quot;,&quot;size&quot;:&quot;&quot;,&quot;sizes&quot;:[]},&quot;_transform_translateY_effect_mobile&quot;:{&quot;unit&quot;:&quot;px&quot;,&quot;size&quot;:&quot;&quot;,&quot;sizes&quot;:[]}}\">\n\t\t\t\t<div class=\"elementor-element elementor-element-4e322f2 elementor-widget elementor-widget-heading\" data-id=\"4e322f2\" data-element_type=\"widget\" data-e-type=\"widget\" data-widget_type=\"heading.default\">\n\t\t\t\t\t<h2 class=\"elementor-heading-title elementor-size-default\">Portfolio - Tristan Beau<\/h2>\t\t\t\t<\/div>\n\t\t\t\t<\/div>\n\t\t\t\t<div class=\"elementor-element elementor-element-63eafad e-transform elementor-pagination-position-inside e-transform elementor-arrows-position-inside elementor-widget elementor-widget-image-carousel\" data-id=\"63eafad\" data-element_type=\"widget\" data-e-type=\"widget\" data-settings=\"{&quot;slides_to_show&quot;:&quot;3&quot;,&quot;lazyload&quot;:&quot;yes&quot;,&quot;_transform_translateY_effect&quot;:{&quot;unit&quot;:&quot;px&quot;,&quot;size&quot;:83,&quot;sizes&quot;:[]},&quot;_transform_scale_effect&quot;:{&quot;unit&quot;:&quot;px&quot;,&quot;size&quot;:0.8,&quot;sizes&quot;:[]},&quot;navigation&quot;:&quot;both&quot;,&quot;autoplay&quot;:&quot;yes&quot;,&quot;pause_on_hover&quot;:&quot;yes&quot;,&quot;pause_on_interaction&quot;:&quot;yes&quot;,&quot;autoplay_speed&quot;:5000,&quot;infinite&quot;:&quot;yes&quot;,&quot;speed&quot;:500,&quot;_transform_translateX_effect&quot;:{&quot;unit&quot;:&quot;px&quot;,&quot;size&quot;:&quot;&quot;,&quot;sizes&quot;:[]},&quot;_transform_translateX_effect_tablet&quot;:{&quot;unit&quot;:&quot;px&quot;,&quot;size&quot;:&quot;&quot;,&quot;sizes&quot;:[]},&quot;_transform_translateX_effect_mobile&quot;:{&quot;unit&quot;:&quot;px&quot;,&quot;size&quot;:&quot;&quot;,&quot;sizes&quot;:[]},&quot;_transform_translateY_effect_tablet&quot;:{&quot;unit&quot;:&quot;px&quot;,&quot;size&quot;:&quot;&quot;,&quot;sizes&quot;:[]},&quot;_transform_translateY_effect_mobile&quot;:{&quot;unit&quot;:&quot;px&quot;,&quot;size&quot;:&quot;&quot;,&quot;sizes&quot;:[]},&quot;_transform_scale_effect_tablet&quot;:{&quot;unit&quot;:&quot;px&quot;,&quot;size&quot;:&quot;&quot;,&quot;sizes&quot;:[]},&quot;_transform_scale_effect_mobile&quot;:{&quot;unit&quot;:&quot;px&quot;,&quot;size&quot;:&quot;&quot;,&quot;sizes&quot;:[]}}\" data-widget_type=\"image-carousel.default\">\n\t\t\t\t\t\t\t<div class=\"elementor-image-carousel-wrapper swiper\" role=\"region\" aria-roledescription=\"carousel\" aria-label=\"R\u00e9alisation \u00e0 la une\" dir=\"ltr\">\n\t\t\t<div class=\"elementor-image-carousel swiper-wrapper\" aria-live=\"off\">\n\t\t\t\t\t\t\t\t<div class=\"swiper-slide\" role=\"group\" aria-roledescription=\"slide\" aria-label=\"1 sur 6\"><a data-elementor-open-lightbox=\"yes\" data-elementor-lightbox-slideshow=\"63eafad\" data-elementor-lightbox-title=\"PXL_20260408_160426796.RAW-01\" data-e-action-hash=\"#elementor-action%3Aaction%3Dlightbox%26settings%3DeyJpZCI6MzMzLCJ1cmwiOiJodHRwczpcL1wvYmVhdS10cmlzdGFuLm1taWdyZW5vYmxlLWRldi5mclwvd3AtY29udGVudFwvdXBsb2Fkc1wvMjAyNlwvMDRcL1BYTF8yMDI2MDQwOF8xNjA0MjY3OTYuUkFXLTAxLXNjYWxlZC5qcGciLCJzbGlkZXNob3ciOiI2M2VhZmFkIn0%3D\" href=\"https:\/\/beau-tristan.mmigrenoble-dev.fr\/?page_id=213\"><figure class=\"swiper-slide-inner\"><img class=\"swiper-slide-image swiper-lazy\" data-src=\"https:\/\/beau-tristan.mmigrenoble-dev.fr\/wp-content\/uploads\/2026\/04\/PXL_20260408_160426796.RAW-01-279x300.jpg\" alt=\"PXL_20260408_160426796.RAW-01\" \/><div class=\"swiper-lazy-preloader\"><\/div><\/figure><\/a><\/div><div class=\"swiper-slide\" role=\"group\" aria-roledescription=\"slide\" aria-label=\"2 sur 6\"><a data-elementor-open-lightbox=\"yes\" data-elementor-lightbox-slideshow=\"63eafad\" data-elementor-lightbox-title=\"PXL_20251202_215733875\" data-e-action-hash=\"#elementor-action%3Aaction%3Dlightbox%26settings%3DeyJpZCI6MzE3LCJ1cmwiOiJodHRwczpcL1wvYmVhdS10cmlzdGFuLm1taWdyZW5vYmxlLWRldi5mclwvd3AtY29udGVudFwvdXBsb2Fkc1wvMjAyNlwvMDRcL1BYTF8yMDI1MTIwMl8yMTU3MzM4NzUtc2NhbGVkLmpwZyIsInNsaWRlc2hvdyI6IjYzZWFmYWQifQ%3D%3D\" href=\"https:\/\/beau-tristan.mmigrenoble-dev.fr\/?page_id=213\"><figure class=\"swiper-slide-inner\"><img class=\"swiper-slide-image swiper-lazy\" data-src=\"https:\/\/beau-tristan.mmigrenoble-dev.fr\/wp-content\/uploads\/2026\/04\/PXL_20251202_215733875-226x300.jpg\" alt=\"PXL_20251202_215733875\" \/><div class=\"swiper-lazy-preloader\"><\/div><\/figure><\/a><\/div><div class=\"swiper-slide\" role=\"group\" aria-roledescription=\"slide\" aria-label=\"3 sur 6\"><a data-elementor-open-lightbox=\"yes\" data-elementor-lightbox-slideshow=\"63eafad\" data-elementor-lightbox-title=\"PXL_20251031_135347516 (1)\" data-e-action-hash=\"#elementor-action%3Aaction%3Dlightbox%26settings%3DeyJpZCI6MzA3LCJ1cmwiOiJodHRwczpcL1wvYmVhdS10cmlzdGFuLm1taWdyZW5vYmxlLWRldi5mclwvd3AtY29udGVudFwvdXBsb2Fkc1wvMjAyNlwvMDRcL1BYTF8yMDI1MTAzMV8xMzUzNDc1MTYtMS1zY2FsZWQuanBnIiwic2xpZGVzaG93IjoiNjNlYWZhZCJ9\" href=\"https:\/\/beau-tristan.mmigrenoble-dev.fr\/?page_id=213\"><figure class=\"swiper-slide-inner\"><img class=\"swiper-slide-image swiper-lazy\" data-src=\"https:\/\/beau-tristan.mmigrenoble-dev.fr\/wp-content\/uploads\/2026\/04\/PXL_20251031_135347516-1-300x300.jpg\" alt=\"PXL_20251031_135347516 (1)\" \/><div class=\"swiper-lazy-preloader\"><\/div><\/figure><\/a><\/div><div class=\"swiper-slide\" role=\"group\" aria-roledescription=\"slide\" aria-label=\"4 sur 6\"><a data-elementor-open-lightbox=\"yes\" data-elementor-lightbox-slideshow=\"63eafad\" data-elementor-lightbox-title=\"AfficheBourgoin\" data-e-action-hash=\"#elementor-action%3Aaction%3Dlightbox%26settings%3DeyJpZCI6NTExLCJ1cmwiOiJodHRwczpcL1wvYmVhdS10cmlzdGFuLm1taWdyZW5vYmxlLWRldi5mclwvd3AtY29udGVudFwvdXBsb2Fkc1wvMjAyNlwvMDRcL0FmZmljaGVCb3VyZ29pbi5wbmciLCJzbGlkZXNob3ciOiI2M2VhZmFkIn0%3D\" href=\"https:\/\/beau-tristan.mmigrenoble-dev.fr\/?page_id=213\"><figure class=\"swiper-slide-inner\"><img class=\"swiper-slide-image swiper-lazy\" data-src=\"https:\/\/beau-tristan.mmigrenoble-dev.fr\/wp-content\/uploads\/2026\/04\/AfficheBourgoin-210x300.png\" alt=\"AfficheBourgoin\" \/><div class=\"swiper-lazy-preloader\"><\/div><\/figure><\/a><\/div><div class=\"swiper-slide\" role=\"group\" aria-roledescription=\"slide\" aria-label=\"5 sur 6\"><a data-elementor-open-lightbox=\"yes\" data-elementor-lightbox-slideshow=\"63eafad\" data-elementor-lightbox-title=\"PXL_20251128_074024577\" data-e-action-hash=\"#elementor-action%3Aaction%3Dlightbox%26settings%3DeyJpZCI6MzEyLCJ1cmwiOiJodHRwczpcL1wvYmVhdS10cmlzdGFuLm1taWdyZW5vYmxlLWRldi5mclwvd3AtY29udGVudFwvdXBsb2Fkc1wvMjAyNlwvMDRcL1BYTF8yMDI1MTEyOF8wNzQwMjQ1Nzctc2NhbGVkLmpwZyIsInNsaWRlc2hvdyI6IjYzZWFmYWQifQ%3D%3D\" href=\"https:\/\/beau-tristan.mmigrenoble-dev.fr\/?page_id=213\"><figure class=\"swiper-slide-inner\"><img class=\"swiper-slide-image swiper-lazy\" data-src=\"https:\/\/beau-tristan.mmigrenoble-dev.fr\/wp-content\/uploads\/2026\/04\/PXL_20251128_074024577-247x300.jpg\" alt=\"PXL_20251128_074024577\" \/><div class=\"swiper-lazy-preloader\"><\/div><\/figure><\/a><\/div><div class=\"swiper-slide\" role=\"group\" aria-roledescription=\"slide\" aria-label=\"6 sur 6\"><a data-elementor-open-lightbox=\"yes\" data-elementor-lightbox-slideshow=\"63eafad\" data-elementor-lightbox-title=\"Story_Retour 7e Edition\" data-e-action-hash=\"#elementor-action%3Aaction%3Dlightbox%26settings%3DeyJpZCI6OTEsInVybCI6Imh0dHBzOlwvXC9iZWF1LXRyaXN0YW4ubW1pZ3Jlbm9ibGUtZGV2LmZyXC93cC1jb250ZW50XC91cGxvYWRzXC8yMDI2XC8wNFwvU3RvcnlfUmV0b3VyLTdlLUVkaXRpb24tc2NhbGVkLnBuZyIsInNsaWRlc2hvdyI6IjYzZWFmYWQifQ%3D%3D\" href=\"https:\/\/beau-tristan.mmigrenoble-dev.fr\/?page_id=213\"><figure class=\"swiper-slide-inner\"><img class=\"swiper-slide-image swiper-lazy\" data-src=\"https:\/\/beau-tristan.mmigrenoble-dev.fr\/wp-content\/uploads\/2026\/04\/Story_Retour-7e-Edition-169x300.png\" alt=\"Multim\u00e9dialpes 2026\" \/><div class=\"swiper-lazy-preloader\"><\/div><\/figure><\/a><\/div>\t\t\t<\/div>\n\t\t\t\t\t\t\t\t\t\t\t\t<div class=\"elementor-swiper-button elementor-swiper-button-prev\" role=\"button\" tabindex=\"0\">\n\t\t\t\t\t\t<svg aria-hidden=\"true\" class=\"e-font-icon-svg e-fas-chevron-circle-left\" viewBox=\"0 0 512 512\" xmlns=\"http:\/\/www.w3.org\/2000\/svg\"><path d=\"M256 504C119 504 8 393 8 256S119 8 256 8s248 111 248 248-111 248-248 248zM142.1 273l135.5 135.5c9.4 9.4 24.6 9.4 33.9 0l17-17c9.4-9.4 9.4-24.6 0-33.9L226.9 256l101.6-101.6c9.4-9.4 9.4-24.6 0-33.9l-17-17c-9.4-9.4-24.6-9.4-33.9 0L142.1 239c-9.4 9.4-9.4 24.6 0 34z\"><\/path><\/svg>\t\t\t\t\t<\/div>\n\t\t\t\t\t<div class=\"elementor-swiper-button elementor-swiper-button-next\" role=\"button\" tabindex=\"0\">\n\t\t\t\t\t\t<svg aria-hidden=\"true\" class=\"e-font-icon-svg e-fas-chevron-circle-right\" viewBox=\"0 0 512 512\" xmlns=\"http:\/\/www.w3.org\/2000\/svg\"><path d=\"M256 8c137 0 248 111 248 248S393 504 256 504 8 393 8 256 119 8 256 8zm113.9 231L234.4 103.5c-9.4-9.4-24.6-9.4-33.9 0l-17 17c-9.4 9.4-9.4 24.6 0 33.9L285.1 256 183.5 357.6c-9.4 9.4-9.4 24.6 0 33.9l17 17c9.4 9.4 24.6 9.4 33.9 0L369.9 273c9.4-9.4 9.4-24.6 0-34z\"><\/path><\/svg>\t\t\t\t\t<\/div>\n\t\t\t\t\n\t\t\t\t\t\t\t\t\t<div class=\"swiper-pagination\"><\/div>\n\t\t\t\t\t\t\t\t\t<\/div>\n\t\t\t\t\t\t<\/div>\n\t\t<div class=\"elementor-element elementor-element-940fc3e e-con-full e-flex wpr-particle-no wpr-jarallax-no wpr-parallax-no wpr-sticky-section-no wpr-equal-height-no e-con e-child\" data-id=\"940fc3e\" data-element_type=\"container\" data-e-type=\"container\">\n\t\t\t\t<div class=\"elementor-element elementor-element-d126fb9 elementor-widget elementor-widget-heading\" data-id=\"d126fb9\" data-element_type=\"widget\" data-e-type=\"widget\" data-widget_type=\"heading.default\">\n\t\t\t\t\t<h2 class=\"elementor-heading-title elementor-size-default\">Mon Parcours<\/h2>\t\t\t\t<\/div>\n\t\t\t\t<div class=\"elementor-element elementor-element-a4af4d7 elementor-widget elementor-widget-text-editor\" data-id=\"a4af4d7\" data-element_type=\"widget\" data-e-type=\"widget\" data-widget_type=\"text-editor.default\">\n\t\t\t\t\t\t\t\t\t<p data-path-to-node=\"2,0\">Dipl\u00f4m\u00e9 d&rsquo;un Bac Professionnel AMA CVPM (Artisanat et M\u00e9tiers d&rsquo;Art, option Communication Visuelle Plurim\u00e9dia), j&rsquo;ai d\u00e9cid\u00e9 de poursuivre dans le domaine de la cr\u00e9ation graphique en m&rsquo;orientant vers un BUT MMI (M\u00e9tiers du Multim\u00e9dia et de l&rsquo;Internet), me permettant d&rsquo;acqu\u00e9rir davantage de comp\u00e9tences.<\/p><p data-path-to-node=\"2,1\">En parall\u00e8le, je travaille les week-ends en tant qu&#8217;employ\u00e9 polyvalent\/h\u00f4te de caisse dans un Intermarch\u00e9 situ\u00e9 dans la ville de Saint-Jean-de-Bournay.<\/p>\t\t\t\t\t\t\t\t<\/div>\n\t\t\t\t<div class=\"elementor-element elementor-element-0c8a8e4 elementor-button-info elementor-align-center e-transform elementor-widget elementor-widget-button\" data-id=\"0c8a8e4\" data-element_type=\"widget\" data-e-type=\"widget\" data-settings=\"{&quot;_transform_scale_effect&quot;:{&quot;unit&quot;:&quot;px&quot;,&quot;size&quot;:1.3,&quot;sizes&quot;:[]},&quot;_transform_scale_effect_tablet&quot;:{&quot;unit&quot;:&quot;px&quot;,&quot;size&quot;:&quot;&quot;,&quot;sizes&quot;:[]},&quot;_transform_scale_effect_mobile&quot;:{&quot;unit&quot;:&quot;px&quot;,&quot;size&quot;:&quot;&quot;,&quot;sizes&quot;:[]}}\" data-widget_type=\"button.default\">\n\t\t\t\t\t\t\t\t\t\t<a class=\"elementor-button elementor-button-link elementor-size-sm\" href=\"https:\/\/beau-tristan.mmigrenoble-dev.fr\/?page_id=204\">\n\t\t\t\t\t\t<span class=\"elementor-button-content-wrapper\">\n\t\t\t\t\t\t\t\t\t<span class=\"elementor-button-text\">D\u00e9couvrez mon parcours ici<\/span>\n\t\t\t\t\t<\/span>\n\t\t\t\t\t<\/a>\n\t\t\t\t\t\t\t\t<\/div>\n\t\t\t\t<\/div>\n\t\t\t\t\t<\/div>\n\t\t\t\t<\/div>\n\t\t<div class=\"elementor-element elementor-element-1347c09 e-flex e-con-boxed wpr-particle-no wpr-jarallax-no wpr-parallax-no wpr-sticky-section-no wpr-equal-height-no e-con e-parent\" data-id=\"1347c09\" data-element_type=\"container\" data-e-type=\"container\">\n\t\t\t\t\t<div class=\"e-con-inner\">\n\t\t\t\t\t<\/div>\n\t\t\t\t<\/div>\n\t\t\t\t<\/div>\n\t\t","protected":false},"excerpt":{"rendered":"<p>Portfolio &#8211; Tristan Beau Mon Parcours Dipl\u00f4m\u00e9 d&rsquo;un Bac Professionnel AMA CVPM (Artisanat et M\u00e9tiers d&rsquo;Art, option Communication Visuelle Plurim\u00e9dia), j&rsquo;ai d\u00e9cid\u00e9 de poursuivre dans le domaine de la cr\u00e9ation graphique en m&rsquo;orientant vers un BUT MMI (M\u00e9tiers du Multim\u00e9dia et de l&rsquo;Internet), me permettant d&rsquo;acqu\u00e9rir davantage de comp\u00e9tences. En parall\u00e8le, je travaille les week-ends en tant qu&#8217;employ\u00e9 polyvalent\/h\u00f4te de caisse dans un Intermarch\u00e9 situ\u00e9 dans la ville de Saint-Jean-de-Bournay. D\u00e9couvrez mon parcours ici<\/p>\n","protected":false},"author":4,"featured_media":0,"parent":0,"menu_order":1,"comment_status":"closed","ping_status":"closed","template":"","meta":{"footnotes":""},"class_list":["post-51","page","type-page","status-publish","hentry"],"_links":{"self":[{"href":"https:\/\/beau-tristan.mmigrenoble-dev.fr\/index.php?rest_route=\/wp\/v2\/pages\/51","targetHints":{"allow":["GET"]}}],"collection":[{"href":"https:\/\/beau-tristan.mmigrenoble-dev.fr\/index.php?rest_route=\/wp\/v2\/pages"}],"about":[{"href":"https:\/\/beau-tristan.mmigrenoble-dev.fr\/index.php?rest_route=\/wp\/v2\/types\/page"}],"author":[{"embeddable":true,"href":"https:\/\/beau-tristan.mmigrenoble-dev.fr\/index.php?rest_route=\/wp\/v2\/users\/4"}],"replies":[{"embeddable":true,"href":"https:\/\/beau-tristan.mmigrenoble-dev.fr\/index.php?rest_route=%2Fwp%2Fv2%2Fcomments&post=51"}],"version-history":[{"count":101,"href":"https:\/\/beau-tristan.mmigrenoble-dev.fr\/index.php?rest_route=\/wp\/v2\/pages\/51\/revisions"}],"predecessor-version":[{"id":628,"href":"https:\/\/beau-tristan.mmigrenoble-dev.fr\/index.php?rest_route=\/wp\/v2\/pages\/51\/revisions\/628"}],"wp:attachment":[{"href":"https:\/\/beau-tristan.mmigrenoble-dev.fr\/index.php?rest_route=%2Fwp%2Fv2%2Fmedia&parent=51"}],"curies":[{"name":"wp","href":"https:\/\/api.w.org\/{rel}","templated":true}]}}