{"id":463,"date":"2026-04-29T07:48:55","date_gmt":"2026-04-29T07:48:55","guid":{"rendered":"https:\/\/beau-tristan.mmigrenoble-dev.fr\/?page_id=463"},"modified":"2026-04-29T08:02:05","modified_gmt":"2026-04-29T08:02:05","slug":"confidentialite","status":"publish","type":"page","link":"https:\/\/beau-tristan.mmigrenoble-dev.fr\/?page_id=463","title":{"rendered":"Confidentialit\u00e9"},"content":{"rendered":"\t\t<div data-elementor-type=\"wp-page\" data-elementor-id=\"463\" class=\"elementor elementor-463\">\n\t\t\t\t<div class=\"elementor-element elementor-element-63a986b e-grid e-con-boxed wpr-particle-no wpr-jarallax-no wpr-parallax-no wpr-sticky-section-no wpr-equal-height-no e-con e-parent\" data-id=\"63a986b\" data-element_type=\"container\" data-e-type=\"container\">\n\t\t\t\t\t<div class=\"e-con-inner\">\n\t\t\t\t<div class=\"elementor-element elementor-element-00a9933 elementor-widget elementor-widget-hfe-breadcrumbs-widget\" data-id=\"00a9933\" data-element_type=\"widget\" data-e-type=\"widget\" data-widget_type=\"hfe-breadcrumbs-widget.default\">\n\t\t\t\t<div class=\"elementor-widget-container\">\n\t\t\t\t\t<nav aria-label=\"Breadcrumb\"><ul class=\"hfe-breadcrumbs hfe-breadcrumbs-show-home\"><li class=\"hfe-breadcrumbs-item hfe-breadcrumbs-first\"><span class=\"hfe-breadcrumbs-home-icon\"><\/span><a href=\"https:\/\/beau-tristan.mmigrenoble-dev.fr\"><span class=\"hfe-breadcrumbs-text\">Accueil<\/span><\/a><\/li><\/ul><\/nav>\t\t\t\t<\/div>\n\t\t\t\t<\/div>\n\t\t\t\t\t<\/div>\n\t\t\t\t<\/div>\n\t\t<div class=\"elementor-element elementor-element-9c728be e-grid e-con-boxed wpr-particle-no wpr-jarallax-no wpr-parallax-no wpr-sticky-section-no wpr-equal-height-no e-con e-parent\" data-id=\"9c728be\" data-element_type=\"container\" data-e-type=\"container\">\n\t\t\t\t\t<div class=\"e-con-inner\">\n\t\t\t\t<div class=\"elementor-element elementor-element-1acf328 elementor-widget elementor-widget-heading\" data-id=\"1acf328\" data-element_type=\"widget\" data-e-type=\"widget\" data-widget_type=\"heading.default\">\n\t\t\t\t\t<h2 class=\"elementor-heading-title elementor-size-default\">Confidentialit\u00e9 et Politique<\/h2>\t\t\t\t<\/div>\n\t\t\t\t<div class=\"elementor-element elementor-element-fe81340 elementor-widget elementor-widget-text-editor\" data-id=\"fe81340\" data-element_type=\"widget\" data-e-type=\"widget\" data-widget_type=\"text-editor.default\">\n\t\t\t\t\t\t\t\t\t<p data-path-to-node=\"3\">Les donn\u00e9es collect\u00e9es sur ce site ne sont partag\u00e9es avec personne d&rsquo;autre que moi, Tristan Beau.<\/p><ul data-path-to-node=\"4\"><li><p data-path-to-node=\"4,0,0\">Vous disposez du droit de rectification de vos informations qui pourraient \u00eatre inexactes.<\/p><\/li><li><p data-path-to-node=\"4,1,0\">Vous disposez du droit de suppression des informations collect\u00e9es lors de l&rsquo;envoi du formulaire.<\/p><\/li><li><p data-path-to-node=\"4,2,0\">Vous pouvez refuser que vos donn\u00e9es soient utilis\u00e9es pour certaines finalit\u00e9s.<\/p><\/li><li><p data-path-to-node=\"4,3,0\">Il vous est \u00e9galement possible de r\u00e9cup\u00e9rer vos donn\u00e9es dans un format clair.<\/p><\/li><\/ul><p data-path-to-node=\"5\">Les donn\u00e9es r\u00e9colt\u00e9es sont uniquement celles envoy\u00e9es par le formulaire, \u00e0 savoir : votre nom et pr\u00e9nom, votre e-mail, l&rsquo;objet de votre demande ainsi que le message associ\u00e9.<\/p><p data-path-to-node=\"5\">Pour plus d&rsquo;informations, vous pouvez m&rsquo;envoyer un mail aux adresses suivantes :<\/p><ul><li data-path-to-node=\"5\">beau.tristan2007@gmail.com<\/li><li data-path-to-node=\"5\">tristan.beau@etu.univ-grenoble-alpes.fr<\/li><\/ul>\t\t\t\t\t\t\t\t<\/div>\n\t\t\t\t\t<\/div>\n\t\t\t\t<\/div>\n\t\t\t\t<\/div>\n\t\t","protected":false},"excerpt":{"rendered":"<p>Accueil Confidentialit\u00e9 et Politique Les donn\u00e9es collect\u00e9es sur ce site ne sont partag\u00e9es avec personne d&rsquo;autre que moi, Tristan Beau. Vous disposez du droit de rectification de vos informations qui pourraient \u00eatre inexactes. Vous disposez du droit de suppression des informations collect\u00e9es lors de l&rsquo;envoi du formulaire. Vous pouvez refuser que vos donn\u00e9es soient utilis\u00e9es pour certaines finalit\u00e9s. Il vous est \u00e9galement possible de r\u00e9cup\u00e9rer vos donn\u00e9es dans un format clair. Les donn\u00e9es r\u00e9colt\u00e9es sont uniquement celles envoy\u00e9es par le formulaire, \u00e0 savoir : votre nom et pr\u00e9nom, votre e-mail, l&rsquo;objet de votre demande ainsi que le message associ\u00e9. Pour plus d&rsquo;informations, vous pouvez m&rsquo;envoyer un mail aux adresses suivantes : beau.tristan2007@gmail.com tristan.beau@etu.univ-grenoble-alpes.fr<\/p>\n","protected":false},"author":4,"featured_media":0,"parent":0,"menu_order":0,"comment_status":"closed","ping_status":"closed","template":"","meta":{"footnotes":""},"class_list":["post-463","page","type-page","status-publish","hentry"],"_links":{"self":[{"href":"https:\/\/beau-tristan.mmigrenoble-dev.fr\/index.php?rest_route=\/wp\/v2\/pages\/463","targetHints":{"allow":["GET"]}}],"collection":[{"href":"https:\/\/beau-tristan.mmigrenoble-dev.fr\/index.php?rest_route=\/wp\/v2\/pages"}],"about":[{"href":"https:\/\/beau-tristan.mmigrenoble-dev.fr\/index.php?rest_route=\/wp\/v2\/types\/page"}],"author":[{"embeddable":true,"href":"https:\/\/beau-tristan.mmigrenoble-dev.fr\/index.php?rest_route=\/wp\/v2\/users\/4"}],"replies":[{"embeddable":true,"href":"https:\/\/beau-tristan.mmigrenoble-dev.fr\/index.php?rest_route=%2Fwp%2Fv2%2Fcomments&post=463"}],"version-history":[{"count":7,"href":"https:\/\/beau-tristan.mmigrenoble-dev.fr\/index.php?rest_route=\/wp\/v2\/pages\/463\/revisions"}],"predecessor-version":[{"id":470,"href":"https:\/\/beau-tristan.mmigrenoble-dev.fr\/index.php?rest_route=\/wp\/v2\/pages\/463\/revisions\/470"}],"wp:attachment":[{"href":"https:\/\/beau-tristan.mmigrenoble-dev.fr\/index.php?rest_route=%2Fwp%2Fv2%2Fmedia&parent=463"}],"curies":[{"name":"wp","href":"https:\/\/api.w.org\/{rel}","templated":true}]}}